{"id":815,"date":"2022-03-31T19:07:50","date_gmt":"2022-03-31T22:07:50","guid":{"rendered":"https:\/\/usitim.com.br\/confianca\/"},"modified":"2022-07-13T10:51:46","modified_gmt":"2022-07-13T13:51:46","slug":"trust","status":"publish","type":"page","link":"https:\/\/usitim.com.br\/en\/trust\/","title":{"rendered":"Trust"},"content":{"rendered":"","protected":false},"excerpt":{"rendered":"","protected":false},"author":4,"featured_media":773,"parent":0,"menu_order":6,"comment_status":"closed","ping_status":"closed","template":"page-modelo1.php","meta":{"_acf_changed":false,"footnotes":""},"class_list":["post-815","page","type-page","status-publish","has-post-thumbnail","hentry"],"acf":[],"yoast_head":"<!-- This site is optimized with the Yoast SEO plugin v27.1.1 - https:\/\/yoast.com\/product\/yoast-seo-wordpress\/ -->\n<title>Trust - Usitim<\/title>\n<meta name=\"robots\" content=\"index, follow, max-snippet:-1, max-image-preview:large, max-video-preview:-1\" \/>\n<link rel=\"canonical\" href=\"https:\/\/usitim.com.br\/en\/trust\/\" \/>\n<meta property=\"og:locale\" content=\"en_US\" \/>\n<meta property=\"og:type\" content=\"article\" \/>\n<meta property=\"og:title\" content=\"Trust - Usitim\" \/>\n<meta property=\"og:url\" content=\"https:\/\/usitim.com.br\/en\/trust\/\" \/>\n<meta property=\"og:site_name\" content=\"Usitim\" \/>\n<meta property=\"article:modified_time\" content=\"2022-07-13T13:51:46+00:00\" \/>\n<meta property=\"og:image\" content=\"https:\/\/usitim.com.br\/wp-content\/uploads\/2022\/05\/comfianca-menu-home.jpg\" \/>\n\t<meta property=\"og:image:width\" content=\"305\" \/>\n\t<meta property=\"og:image:height\" content=\"350\" \/>\n\t<meta property=\"og:image:type\" content=\"image\/jpeg\" \/>\n<meta name=\"twitter:card\" content=\"summary_large_image\" \/>\n<script type=\"application\/ld+json\" class=\"yoast-schema-graph\">{\"@context\":\"https:\/\/schema.org\",\"@graph\":[{\"@type\":\"WebPage\",\"@id\":\"https:\/\/usitim.com.br\/en\/trust\/\",\"url\":\"https:\/\/usitim.com.br\/en\/trust\/\",\"name\":\"Trust - Usitim\",\"isPartOf\":{\"@id\":\"https:\/\/usitim.com.br\/en\/#website\"},\"primaryImageOfPage\":{\"@id\":\"https:\/\/usitim.com.br\/en\/trust\/#primaryimage\"},\"image\":{\"@id\":\"https:\/\/usitim.com.br\/en\/trust\/#primaryimage\"},\"thumbnailUrl\":\"https:\/\/usitim.com.br\/wp-content\/uploads\/2022\/05\/comfianca-menu-home.jpg\",\"datePublished\":\"2022-03-31T22:07:50+00:00\",\"dateModified\":\"2022-07-13T13:51:46+00:00\",\"breadcrumb\":{\"@id\":\"https:\/\/usitim.com.br\/en\/trust\/#breadcrumb\"},\"inLanguage\":\"en-US\",\"potentialAction\":[{\"@type\":\"ReadAction\",\"target\":[\"https:\/\/usitim.com.br\/en\/trust\/\"]}]},{\"@type\":\"ImageObject\",\"inLanguage\":\"en-US\",\"@id\":\"https:\/\/usitim.com.br\/en\/trust\/#primaryimage\",\"url\":\"https:\/\/usitim.com.br\/wp-content\/uploads\/2022\/05\/comfianca-menu-home.jpg\",\"contentUrl\":\"https:\/\/usitim.com.br\/wp-content\/uploads\/2022\/05\/comfianca-menu-home.jpg\",\"width\":305,\"height\":350},{\"@type\":\"BreadcrumbList\",\"@id\":\"https:\/\/usitim.com.br\/en\/trust\/#breadcrumb\",\"itemListElement\":[{\"@type\":\"ListItem\",\"position\":1,\"name\":\"Home\",\"item\":\"https:\/\/usitim.com.br\/en\/\"},{\"@type\":\"ListItem\",\"position\":2,\"name\":\"Trust\"}]},{\"@type\":\"WebSite\",\"@id\":\"https:\/\/usitim.com.br\/en\/#website\",\"url\":\"https:\/\/usitim.com.br\/en\/\",\"name\":\"Usitim\",\"description\":\"Competitividade e inova\u00e7\u00e3o em componentes mec\u00e2nicos.\",\"potentialAction\":[{\"@type\":\"SearchAction\",\"target\":{\"@type\":\"EntryPoint\",\"urlTemplate\":\"https:\/\/usitim.com.br\/en\/?s={search_term_string}\"},\"query-input\":{\"@type\":\"PropertyValueSpecification\",\"valueRequired\":true,\"valueName\":\"search_term_string\"}}],\"inLanguage\":\"en-US\"}]}<\/script>\n<!-- \/ Yoast SEO plugin. -->","yoast_head_json":{"title":"Trust - Usitim","robots":{"index":"index","follow":"follow","max-snippet":"max-snippet:-1","max-image-preview":"max-image-preview:large","max-video-preview":"max-video-preview:-1"},"canonical":"https:\/\/usitim.com.br\/en\/trust\/","og_locale":"en_US","og_type":"article","og_title":"Trust - Usitim","og_url":"https:\/\/usitim.com.br\/en\/trust\/","og_site_name":"Usitim","article_modified_time":"2022-07-13T13:51:46+00:00","og_image":[{"width":305,"height":350,"url":"https:\/\/usitim.com.br\/wp-content\/uploads\/2022\/05\/comfianca-menu-home.jpg","type":"image\/jpeg"}],"twitter_card":"summary_large_image","schema":{"@context":"https:\/\/schema.org","@graph":[{"@type":"WebPage","@id":"https:\/\/usitim.com.br\/en\/trust\/","url":"https:\/\/usitim.com.br\/en\/trust\/","name":"Trust - Usitim","isPartOf":{"@id":"https:\/\/usitim.com.br\/en\/#website"},"primaryImageOfPage":{"@id":"https:\/\/usitim.com.br\/en\/trust\/#primaryimage"},"image":{"@id":"https:\/\/usitim.com.br\/en\/trust\/#primaryimage"},"thumbnailUrl":"https:\/\/usitim.com.br\/wp-content\/uploads\/2022\/05\/comfianca-menu-home.jpg","datePublished":"2022-03-31T22:07:50+00:00","dateModified":"2022-07-13T13:51:46+00:00","breadcrumb":{"@id":"https:\/\/usitim.com.br\/en\/trust\/#breadcrumb"},"inLanguage":"en-US","potentialAction":[{"@type":"ReadAction","target":["https:\/\/usitim.com.br\/en\/trust\/"]}]},{"@type":"ImageObject","inLanguage":"en-US","@id":"https:\/\/usitim.com.br\/en\/trust\/#primaryimage","url":"https:\/\/usitim.com.br\/wp-content\/uploads\/2022\/05\/comfianca-menu-home.jpg","contentUrl":"https:\/\/usitim.com.br\/wp-content\/uploads\/2022\/05\/comfianca-menu-home.jpg","width":305,"height":350},{"@type":"BreadcrumbList","@id":"https:\/\/usitim.com.br\/en\/trust\/#breadcrumb","itemListElement":[{"@type":"ListItem","position":1,"name":"Home","item":"https:\/\/usitim.com.br\/en\/"},{"@type":"ListItem","position":2,"name":"Trust"}]},{"@type":"WebSite","@id":"https:\/\/usitim.com.br\/en\/#website","url":"https:\/\/usitim.com.br\/en\/","name":"Usitim","description":"Competitividade e inova\u00e7\u00e3o em componentes mec\u00e2nicos.","potentialAction":[{"@type":"SearchAction","target":{"@type":"EntryPoint","urlTemplate":"https:\/\/usitim.com.br\/en\/?s={search_term_string}"},"query-input":{"@type":"PropertyValueSpecification","valueRequired":true,"valueName":"search_term_string"}}],"inLanguage":"en-US"}]}},"_links":{"self":[{"href":"https:\/\/usitim.com.br\/en\/wp-json\/wp\/v2\/pages\/815","targetHints":{"allow":["GET"]}}],"collection":[{"href":"https:\/\/usitim.com.br\/en\/wp-json\/wp\/v2\/pages"}],"about":[{"href":"https:\/\/usitim.com.br\/en\/wp-json\/wp\/v2\/types\/page"}],"author":[{"embeddable":true,"href":"https:\/\/usitim.com.br\/en\/wp-json\/wp\/v2\/users\/4"}],"replies":[{"embeddable":true,"href":"https:\/\/usitim.com.br\/en\/wp-json\/wp\/v2\/comments?post=815"}],"version-history":[{"count":2,"href":"https:\/\/usitim.com.br\/en\/wp-json\/wp\/v2\/pages\/815\/revisions"}],"predecessor-version":[{"id":818,"href":"https:\/\/usitim.com.br\/en\/wp-json\/wp\/v2\/pages\/815\/revisions\/818"}],"wp:featuredmedia":[{"embeddable":true,"href":"https:\/\/usitim.com.br\/en\/wp-json\/wp\/v2\/media\/773"}],"wp:attachment":[{"href":"https:\/\/usitim.com.br\/en\/wp-json\/wp\/v2\/media?parent=815"}],"curies":[{"name":"wp","href":"https:\/\/api.w.org\/{rel}","templated":true}]}}