{"id":787,"date":"2022-04-02T12:24:07","date_gmt":"2022-04-02T15:24:07","guid":{"rendered":"https:\/\/usitim.com.br\/vagas\/"},"modified":"2022-07-13T10:30:36","modified_gmt":"2022-07-13T13:30:36","slug":"opportunities","status":"publish","type":"page","link":"https:\/\/usitim.com.br\/en\/opportunities\/","title":{"rendered":"Opportunities"},"content":{"rendered":"","protected":false},"excerpt":{"rendered":"","protected":false},"author":4,"featured_media":775,"parent":0,"menu_order":11,"comment_status":"closed","ping_status":"closed","template":"page-modelo1.php","meta":{"_acf_changed":false,"footnotes":""},"class_list":["post-787","page","type-page","status-publish","has-post-thumbnail","hentry"],"acf":[],"yoast_head":"<!-- This site is optimized with the Yoast SEO plugin v27.1.1 - https:\/\/yoast.com\/product\/yoast-seo-wordpress\/ -->\n<title>Opportunities - Usitim<\/title>\n<meta name=\"robots\" content=\"index, follow, max-snippet:-1, max-image-preview:large, max-video-preview:-1\" \/>\n<link rel=\"canonical\" href=\"https:\/\/usitim.com.br\/en\/opportunities\/\" \/>\n<meta property=\"og:locale\" content=\"en_US\" \/>\n<meta property=\"og:type\" content=\"article\" \/>\n<meta property=\"og:title\" content=\"Opportunities - Usitim\" \/>\n<meta property=\"og:url\" content=\"https:\/\/usitim.com.br\/en\/opportunities\/\" \/>\n<meta property=\"og:site_name\" content=\"Usitim\" \/>\n<meta property=\"article:modified_time\" content=\"2022-07-13T13:30:36+00:00\" \/>\n<meta property=\"og:image\" content=\"https:\/\/usitim.com.br\/wp-content\/uploads\/2022\/05\/VAGAS-MENU.jpg\" \/>\n\t<meta property=\"og:image:width\" content=\"760\" \/>\n\t<meta property=\"og:image:height\" content=\"350\" \/>\n\t<meta property=\"og:image:type\" content=\"image\/jpeg\" \/>\n<meta name=\"twitter:card\" content=\"summary_large_image\" \/>\n<script type=\"application\/ld+json\" class=\"yoast-schema-graph\">{\"@context\":\"https:\/\/schema.org\",\"@graph\":[{\"@type\":\"WebPage\",\"@id\":\"https:\/\/usitim.com.br\/en\/opportunities\/\",\"url\":\"https:\/\/usitim.com.br\/en\/opportunities\/\",\"name\":\"Opportunities - Usitim\",\"isPartOf\":{\"@id\":\"https:\/\/usitim.com.br\/en\/#website\"},\"primaryImageOfPage\":{\"@id\":\"https:\/\/usitim.com.br\/en\/opportunities\/#primaryimage\"},\"image\":{\"@id\":\"https:\/\/usitim.com.br\/en\/opportunities\/#primaryimage\"},\"thumbnailUrl\":\"https:\/\/usitim.com.br\/wp-content\/uploads\/2022\/05\/VAGAS-MENU.jpg\",\"datePublished\":\"2022-04-02T15:24:07+00:00\",\"dateModified\":\"2022-07-13T13:30:36+00:00\",\"breadcrumb\":{\"@id\":\"https:\/\/usitim.com.br\/en\/opportunities\/#breadcrumb\"},\"inLanguage\":\"en-US\",\"potentialAction\":[{\"@type\":\"ReadAction\",\"target\":[\"https:\/\/usitim.com.br\/en\/opportunities\/\"]}]},{\"@type\":\"ImageObject\",\"inLanguage\":\"en-US\",\"@id\":\"https:\/\/usitim.com.br\/en\/opportunities\/#primaryimage\",\"url\":\"https:\/\/usitim.com.br\/wp-content\/uploads\/2022\/05\/VAGAS-MENU.jpg\",\"contentUrl\":\"https:\/\/usitim.com.br\/wp-content\/uploads\/2022\/05\/VAGAS-MENU.jpg\",\"width\":760,\"height\":350},{\"@type\":\"BreadcrumbList\",\"@id\":\"https:\/\/usitim.com.br\/en\/opportunities\/#breadcrumb\",\"itemListElement\":[{\"@type\":\"ListItem\",\"position\":1,\"name\":\"Home\",\"item\":\"https:\/\/usitim.com.br\/en\/\"},{\"@type\":\"ListItem\",\"position\":2,\"name\":\"Opportunities\"}]},{\"@type\":\"WebSite\",\"@id\":\"https:\/\/usitim.com.br\/en\/#website\",\"url\":\"https:\/\/usitim.com.br\/en\/\",\"name\":\"Usitim\",\"description\":\"Competitividade e inova\u00e7\u00e3o em componentes mec\u00e2nicos.\",\"potentialAction\":[{\"@type\":\"SearchAction\",\"target\":{\"@type\":\"EntryPoint\",\"urlTemplate\":\"https:\/\/usitim.com.br\/en\/?s={search_term_string}\"},\"query-input\":{\"@type\":\"PropertyValueSpecification\",\"valueRequired\":true,\"valueName\":\"search_term_string\"}}],\"inLanguage\":\"en-US\"}]}<\/script>\n<!-- \/ Yoast SEO plugin. -->","yoast_head_json":{"title":"Opportunities - Usitim","robots":{"index":"index","follow":"follow","max-snippet":"max-snippet:-1","max-image-preview":"max-image-preview:large","max-video-preview":"max-video-preview:-1"},"canonical":"https:\/\/usitim.com.br\/en\/opportunities\/","og_locale":"en_US","og_type":"article","og_title":"Opportunities - Usitim","og_url":"https:\/\/usitim.com.br\/en\/opportunities\/","og_site_name":"Usitim","article_modified_time":"2022-07-13T13:30:36+00:00","og_image":[{"width":760,"height":350,"url":"https:\/\/usitim.com.br\/wp-content\/uploads\/2022\/05\/VAGAS-MENU.jpg","type":"image\/jpeg"}],"twitter_card":"summary_large_image","schema":{"@context":"https:\/\/schema.org","@graph":[{"@type":"WebPage","@id":"https:\/\/usitim.com.br\/en\/opportunities\/","url":"https:\/\/usitim.com.br\/en\/opportunities\/","name":"Opportunities - Usitim","isPartOf":{"@id":"https:\/\/usitim.com.br\/en\/#website"},"primaryImageOfPage":{"@id":"https:\/\/usitim.com.br\/en\/opportunities\/#primaryimage"},"image":{"@id":"https:\/\/usitim.com.br\/en\/opportunities\/#primaryimage"},"thumbnailUrl":"https:\/\/usitim.com.br\/wp-content\/uploads\/2022\/05\/VAGAS-MENU.jpg","datePublished":"2022-04-02T15:24:07+00:00","dateModified":"2022-07-13T13:30:36+00:00","breadcrumb":{"@id":"https:\/\/usitim.com.br\/en\/opportunities\/#breadcrumb"},"inLanguage":"en-US","potentialAction":[{"@type":"ReadAction","target":["https:\/\/usitim.com.br\/en\/opportunities\/"]}]},{"@type":"ImageObject","inLanguage":"en-US","@id":"https:\/\/usitim.com.br\/en\/opportunities\/#primaryimage","url":"https:\/\/usitim.com.br\/wp-content\/uploads\/2022\/05\/VAGAS-MENU.jpg","contentUrl":"https:\/\/usitim.com.br\/wp-content\/uploads\/2022\/05\/VAGAS-MENU.jpg","width":760,"height":350},{"@type":"BreadcrumbList","@id":"https:\/\/usitim.com.br\/en\/opportunities\/#breadcrumb","itemListElement":[{"@type":"ListItem","position":1,"name":"Home","item":"https:\/\/usitim.com.br\/en\/"},{"@type":"ListItem","position":2,"name":"Opportunities"}]},{"@type":"WebSite","@id":"https:\/\/usitim.com.br\/en\/#website","url":"https:\/\/usitim.com.br\/en\/","name":"Usitim","description":"Competitividade e inova\u00e7\u00e3o em componentes mec\u00e2nicos.","potentialAction":[{"@type":"SearchAction","target":{"@type":"EntryPoint","urlTemplate":"https:\/\/usitim.com.br\/en\/?s={search_term_string}"},"query-input":{"@type":"PropertyValueSpecification","valueRequired":true,"valueName":"search_term_string"}}],"inLanguage":"en-US"}]}},"_links":{"self":[{"href":"https:\/\/usitim.com.br\/en\/wp-json\/wp\/v2\/pages\/787","targetHints":{"allow":["GET"]}}],"collection":[{"href":"https:\/\/usitim.com.br\/en\/wp-json\/wp\/v2\/pages"}],"about":[{"href":"https:\/\/usitim.com.br\/en\/wp-json\/wp\/v2\/types\/page"}],"author":[{"embeddable":true,"href":"https:\/\/usitim.com.br\/en\/wp-json\/wp\/v2\/users\/4"}],"replies":[{"embeddable":true,"href":"https:\/\/usitim.com.br\/en\/wp-json\/wp\/v2\/comments?post=787"}],"version-history":[{"count":2,"href":"https:\/\/usitim.com.br\/en\/wp-json\/wp\/v2\/pages\/787\/revisions"}],"predecessor-version":[{"id":812,"href":"https:\/\/usitim.com.br\/en\/wp-json\/wp\/v2\/pages\/787\/revisions\/812"}],"wp:featuredmedia":[{"embeddable":true,"href":"https:\/\/usitim.com.br\/en\/wp-json\/wp\/v2\/media\/775"}],"wp:attachment":[{"href":"https:\/\/usitim.com.br\/en\/wp-json\/wp\/v2\/media?parent=787"}],"curies":[{"name":"wp","href":"https:\/\/api.w.org\/{rel}","templated":true}]}}